{"id":545,"date":"2015-09-18T16:56:33","date_gmt":"2015-09-18T14:56:33","guid":{"rendered":"http:\/\/nathanpaulin.com\/?page_id=545"},"modified":"2025-11-05T21:17:17","modified_gmt":"2025-11-05T20:17:17","slug":"prestation","status":"publish","type":"page","link":"https:\/\/nathanpaulin.com\/fr\/prestation\/","title":{"rendered":"Prestations &#8211; Conf\u00e9rences"},"content":{"rendered":"<p style=\"text-align: justify;\">Une d\u00e9monstration de\u00a0highline se pr\u00eate \u00e0 toute sorte d\u2019\u00e9v\u00e9nements et de lieu. Elle offrira un spectacle in\u00e9dit \u00e0 votre audience en cr\u00e9ant un lien \u00e9ph\u00e9m\u00e8re\u00a0m\u00ealant po\u00e9sie et performance. La highline r\u00e9v\u00e8le des \u00e9motions, des sensations fortes et change le regard des spectateurs sur un environnement<\/p>\n<p>La pratique a\u00e9rienne se fait en toute s\u00e9curit\u00e9 gr\u00e2ce aux connaissances des techniques d&rsquo;acc\u00e8s sur cordes et \u00e0 l&rsquo;utilisation de mat\u00e9riel norm\u00e9.<\/p>\n<p>Nathan intervient \u00e9galement lors de conf\u00e9rences. Il partage son expertise, acquise durant la pr\u00e9paration et la r\u00e9alisation de ses diff\u00e9rents exploits. Les th\u00e9matiques qu&rsquo;il d\u00e9veloppe sont : l&rsquo;audace, l&rsquo;agilit\u00e9, la gestion du stress, la confiance dans le collectif o\u00f9 encore le d\u00e9passement de soi.<\/p>\n<p>Pour tout renseignements vous pouvez contacter Nathan<strong>\u00a0<a href=\"http:\/\/nathanpaulin.com\/contact\/\">ici<\/a><\/strong>.<\/p>\n<p style=\"text-align: center;\"><a href=\"http:\/\/nathanpaulin.com\/contact\/\" target=\"_blank\" rel=\"noopener noreferrer\">#SPECTACLES #CONFERENCES<\/a><\/p>\n<p><img loading=\"lazy\" decoding=\"async\" class=\"aligncenter size-large wp-image-1591\" src=\"https:\/\/nathanpaulin.com\/wp-content\/uploads\/2022\/11\/5143031-exclusif-nathan-paulin-concert-anniv-950x0-2-e1668246195236-853x1024.jpg\" alt=\"\" width=\"848\" height=\"1018\" srcset=\"https:\/\/nathanpaulin.com\/wp-content\/uploads\/2022\/11\/5143031-exclusif-nathan-paulin-concert-anniv-950x0-2-e1668246195236-853x1024.jpg 853w, https:\/\/nathanpaulin.com\/wp-content\/uploads\/2022\/11\/5143031-exclusif-nathan-paulin-concert-anniv-950x0-2-e1668246195236-250x300.jpg 250w, https:\/\/nathanpaulin.com\/wp-content\/uploads\/2022\/11\/5143031-exclusif-nathan-paulin-concert-anniv-950x0-2-e1668246195236-768x922.jpg 768w, https:\/\/nathanpaulin.com\/wp-content\/uploads\/2022\/11\/5143031-exclusif-nathan-paulin-concert-anniv-950x0-2-e1668246195236.jpg 950w\" sizes=\"auto, (max-width: 848px) 100vw, 848px\" \/><img loading=\"lazy\" decoding=\"async\" class=\"aligncenter size-large wp-image-1154\" src=\"https:\/\/nathanpaulin.com\/wp-content\/uploads\/2018\/03\/Ali\u00e9nor-P.-Photographie-2-1024x683.jpg\" alt=\"\" width=\"848\" height=\"566\" srcset=\"https:\/\/nathanpaulin.com\/wp-content\/uploads\/2018\/03\/Ali\u00e9nor-P.-Photographie-2-1024x683.jpg 1024w, https:\/\/nathanpaulin.com\/wp-content\/uploads\/2018\/03\/Ali\u00e9nor-P.-Photographie-2-300x200.jpg 300w, https:\/\/nathanpaulin.com\/wp-content\/uploads\/2018\/03\/Ali\u00e9nor-P.-Photographie-2-768x512.jpg 768w\" sizes=\"auto, (max-width: 848px) 100vw, 848px\" \/> <img loading=\"lazy\" decoding=\"async\" class=\"aligncenter size-large wp-image-1277\" src=\"https:\/\/nathanpaulin.com\/wp-content\/uploads\/2019\/01\/Tour-eiffel-NB-SDD-1024x683.jpg\" alt=\"\" width=\"848\" height=\"566\" srcset=\"https:\/\/nathanpaulin.com\/wp-content\/uploads\/2019\/01\/Tour-eiffel-NB-SDD-1024x683.jpg 1024w, https:\/\/nathanpaulin.com\/wp-content\/uploads\/2019\/01\/Tour-eiffel-NB-SDD-300x200.jpg 300w, https:\/\/nathanpaulin.com\/wp-content\/uploads\/2019\/01\/Tour-eiffel-NB-SDD-768x512.jpg 768w\" sizes=\"auto, (max-width: 848px) 100vw, 848px\" \/> <img loading=\"lazy\" decoding=\"async\" class=\"aligncenter size-large wp-image-1319\" src=\"https:\/\/nathanpaulin.com\/wp-content\/uploads\/2019\/09\/IMG_5042-1024x683.jpg\" alt=\"\" width=\"848\" height=\"566\" srcset=\"https:\/\/nathanpaulin.com\/wp-content\/uploads\/2019\/09\/IMG_5042-1024x683.jpg 1024w, https:\/\/nathanpaulin.com\/wp-content\/uploads\/2019\/09\/IMG_5042-300x200.jpg 300w, https:\/\/nathanpaulin.com\/wp-content\/uploads\/2019\/09\/IMG_5042-768x512.jpg 768w, https:\/\/nathanpaulin.com\/wp-content\/uploads\/2019\/09\/IMG_5042.jpg 1500w\" sizes=\"auto, (max-width: 848px) 100vw, 848px\" \/><\/p>\n<p><img loading=\"lazy\" decoding=\"async\" class=\"aligncenter size-large wp-image-1359\" src=\"https:\/\/nathanpaulin.com\/wp-content\/uploads\/2019\/12\/PAT_6218-2-1024x683.jpg\" alt=\"\" width=\"848\" height=\"566\" srcset=\"https:\/\/nathanpaulin.com\/wp-content\/uploads\/2019\/12\/PAT_6218-2-1024x683.jpg 1024w, https:\/\/nathanpaulin.com\/wp-content\/uploads\/2019\/12\/PAT_6218-2-300x200.jpg 300w, https:\/\/nathanpaulin.com\/wp-content\/uploads\/2019\/12\/PAT_6218-2-768x513.jpg 768w, https:\/\/nathanpaulin.com\/wp-content\/uploads\/2019\/12\/PAT_6218-2-1536x1025.jpg 1536w, https:\/\/nathanpaulin.com\/wp-content\/uploads\/2019\/12\/PAT_6218-2-2048x1367.jpg 2048w\" sizes=\"auto, (max-width: 848px) 100vw, 848px\" \/><img loading=\"lazy\" decoding=\"async\" class=\"aligncenter size-large wp-image-1067\" src=\"http:\/\/nathanpaulin.com\/wp-content\/uploads\/2017\/09\/cropped-P1000080-copie-01-1-1024x686.jpeg\" alt=\"\" width=\"848\" height=\"568\" srcset=\"https:\/\/nathanpaulin.com\/wp-content\/uploads\/2017\/09\/cropped-P1000080-copie-01-1-1024x686.jpeg 1024w, https:\/\/nathanpaulin.com\/wp-content\/uploads\/2017\/09\/cropped-P1000080-copie-01-1-300x201.jpeg 300w, https:\/\/nathanpaulin.com\/wp-content\/uploads\/2017\/09\/cropped-P1000080-copie-01-1-768x514.jpeg 768w, https:\/\/nathanpaulin.com\/wp-content\/uploads\/2017\/09\/cropped-P1000080-copie-01-1.jpeg 1800w\" sizes=\"auto, (max-width: 848px) 100vw, 848px\" \/><img loading=\"lazy\" decoding=\"async\" class=\"aligncenter size-full wp-image-599\" src=\"http:\/\/nathanpaulin.com\/wp-content\/uploads\/2015\/09\/2015-09-23-Nathan-145-1.jpg\" alt=\"2015-09-23-Nathan-145-1\" width=\"1680\" height=\"1120\" srcset=\"https:\/\/nathanpaulin.com\/wp-content\/uploads\/2015\/09\/2015-09-23-Nathan-145-1.jpg 1680w, https:\/\/nathanpaulin.com\/wp-content\/uploads\/2015\/09\/2015-09-23-Nathan-145-1-300x200.jpg 300w, https:\/\/nathanpaulin.com\/wp-content\/uploads\/2015\/09\/2015-09-23-Nathan-145-1-1024x683.jpg 1024w\" sizes=\"auto, (max-width: 1680px) 100vw, 1680px\" \/><img loading=\"lazy\" decoding=\"async\" class=\"aligncenter size-large wp-image-988\" src=\"http:\/\/nathanpaulin.com\/wp-content\/uploads\/2017\/02\/mfc-lyon-8815-1024x676.jpg\" alt=\"\" width=\"848\" height=\"560\" srcset=\"https:\/\/nathanpaulin.com\/wp-content\/uploads\/2017\/02\/mfc-lyon-8815-1024x676.jpg 1024w, https:\/\/nathanpaulin.com\/wp-content\/uploads\/2017\/02\/mfc-lyon-8815-300x198.jpg 300w, https:\/\/nathanpaulin.com\/wp-content\/uploads\/2017\/02\/mfc-lyon-8815-768x507.jpg 768w, https:\/\/nathanpaulin.com\/wp-content\/uploads\/2017\/02\/mfc-lyon-8815.jpg 1417w\" sizes=\"auto, (max-width: 848px) 100vw, 848px\" \/><\/p>\n<p><img loading=\"lazy\" decoding=\"async\" class=\"size-large wp-image-1342\" src=\"https:\/\/nathanpaulin.com\/wp-content\/uploads\/2019\/12\/DFX_2397-1024x684.jpg\" alt=\"\" width=\"848\" height=\"566\" srcset=\"https:\/\/nathanpaulin.com\/wp-content\/uploads\/2019\/12\/DFX_2397-1024x684.jpg 1024w, https:\/\/nathanpaulin.com\/wp-content\/uploads\/2019\/12\/DFX_2397-300x200.jpg 300w, https:\/\/nathanpaulin.com\/wp-content\/uploads\/2019\/12\/DFX_2397-768x513.jpg 768w, https:\/\/nathanpaulin.com\/wp-content\/uploads\/2019\/12\/DFX_2397-1536x1025.jpg 1536w, https:\/\/nathanpaulin.com\/wp-content\/uploads\/2019\/12\/DFX_2397-2048x1367.jpg 2048w\" sizes=\"auto, (max-width: 848px) 100vw, 848px\" \/><\/p>\n","protected":false},"excerpt":{"rendered":"<p class=\"excerpt\">Une d\u00e9monstration de\u00a0highline se pr\u00eate \u00e0 toute sorte d\u2019\u00e9v\u00e9nements et de lieu. Elle offrira un spectacle in\u00e9dit \u00e0 votre audience en cr\u00e9ant un lien \u00e9ph\u00e9m\u00e8re\u00a0m\u00ealant po\u00e9sie et performance. La highline r\u00e9v\u00e8le des \u00e9motions, des sensations fortes et change le regard des spectateurs sur un environnement La pratique a\u00e9rienne se fait en toute s\u00e9curit\u00e9 gr\u00e2ce aux connaissances des techniques d&rsquo;acc\u00e8s sur&hellip; <a href=\"https:\/\/nathanpaulin.com\/fr\/prestation\/\">Read more &rarr;<\/a><\/p>\n","protected":false},"author":2,"featured_media":0,"parent":0,"menu_order":0,"comment_status":"closed","ping_status":"closed","template":"","meta":{"footnotes":""},"class_list":["post-545","page","type-page","status-publish","hentry","xfolkentry"],"_links":{"self":[{"href":"https:\/\/nathanpaulin.com\/fr\/wp-json\/wp\/v2\/pages\/545","targetHints":{"allow":["GET"]}}],"collection":[{"href":"https:\/\/nathanpaulin.com\/fr\/wp-json\/wp\/v2\/pages"}],"about":[{"href":"https:\/\/nathanpaulin.com\/fr\/wp-json\/wp\/v2\/types\/page"}],"author":[{"embeddable":true,"href":"https:\/\/nathanpaulin.com\/fr\/wp-json\/wp\/v2\/users\/2"}],"replies":[{"embeddable":true,"href":"https:\/\/nathanpaulin.com\/fr\/wp-json\/wp\/v2\/comments?post=545"}],"version-history":[{"count":30,"href":"https:\/\/nathanpaulin.com\/fr\/wp-json\/wp\/v2\/pages\/545\/revisions"}],"predecessor-version":[{"id":1627,"href":"https:\/\/nathanpaulin.com\/fr\/wp-json\/wp\/v2\/pages\/545\/revisions\/1627"}],"wp:attachment":[{"href":"https:\/\/nathanpaulin.com\/fr\/wp-json\/wp\/v2\/media?parent=545"}],"curies":[{"name":"wp","href":"https:\/\/api.w.org\/{rel}","templated":true}]}}