{"id":2,"date":"2014-09-20T18:34:11","date_gmt":"2014-09-20T16:34:11","guid":{"rendered":"http:\/\/http:\/\/nathanpaulin.com\/"},"modified":"2024-02-27T11:14:51","modified_gmt":"2024-02-27T10:14:51","slug":"sample-page","status":"publish","type":"page","link":"https:\/\/nathanpaulin.com\/fr\/","title":{"rendered":""},"content":{"rendered":"<p><img loading=\"lazy\" decoding=\"async\" class=\"wp-image-1467 aligncenter\" src=\"https:\/\/nathanpaulin.com\/wp-content\/uploads\/2020\/05\/NathanPaulin4921-01-01-768x1024.jpeg\" alt=\"\" width=\"309\" height=\"412\" srcset=\"https:\/\/nathanpaulin.com\/wp-content\/uploads\/2020\/05\/NathanPaulin4921-01-01-768x1024.jpeg 768w, https:\/\/nathanpaulin.com\/wp-content\/uploads\/2020\/05\/NathanPaulin4921-01-01-225x300.jpeg 225w, https:\/\/nathanpaulin.com\/wp-content\/uploads\/2020\/05\/NathanPaulin4921-01-01-1152x1536.jpeg 1152w, https:\/\/nathanpaulin.com\/wp-content\/uploads\/2020\/05\/NathanPaulin4921-01-01-1536x2048.jpeg 1536w, https:\/\/nathanpaulin.com\/wp-content\/uploads\/2020\/05\/NathanPaulin4921-01-01-scaled.jpeg 1920w\" sizes=\"auto, (max-width: 309px) 100vw, 309px\" \/><\/p>\n<div>\n<p dir=\"ltr\">Nathan Paulin est highliner, un funambule moderne, n\u00e9 en 1994 et habitant le village du Reposoir en Haute-Savoie.<\/p>\n<p dir=\"ltr\">Passionn\u00e9 de montagne depuis son plus jeune \u00e2ge, il d\u00e9bute la slackline en 2011. Trouvant une v\u00e9ritable paix int\u00e9rieure dans cette activit\u00e9 m\u00ealant concentration intense et ma\u00eetrise du corps, sa progression est rapide, \u00e0 tel point qu\u2019il compte parmi les meilleurs mondiaux de la discipline d\u00e8s 2013.<\/p>\n<p dir=\"ltr\">Il d\u00e9tient \u00e0 ce jour une dizaine de records mondiaux, sa plus grande travers\u00e9e \u00e9tant une highline longue de 2240m sur le Mont Saint-Michel en mai 2022. Pour divers \u00e9v\u00e9nements et spectacles, il s&rsquo;illustre sur de prestigieux monuments, \u00e0 l\u2019image de la Tour Eiffel, la D\u00e9fense, le Palais de Chaillot, le Pont du Gard ou encore la Cath\u00e9drale de Rouen.<\/p>\n<p>Repousser ses limites, chaque fois davantage, est l\u2019une des raisons qui ont incit\u00e9 Nathan Paulin \u00e0 entreprendre des travers\u00e9es de plus en plus longues. La recherche d\u2019endroits insolites et l\u2019esth\u00e9tique de ces sites est maintenant sa principale source de motivation. Il travaille \u00e9galement sur des spectacles, avec notamment le chor\u00e9graphe Rachid Ouramdane directeur de Chaillot, Th\u00e9\u00e2tre national de la Danse . Il \u00e9volue entre sport et art sur les plus beaux sites de la plan\u00e8te.<\/p>\n<p dir=\"ltr\">Nathan Paulin pratique \u00e9galement diff\u00e9rents sports de montagne tels que le parapente, l\u2019alpinisme, le ski, le v\u00e9lo ou le trail. Ces pratiques quotidiennes sur son lieu de vie lui apportent un \u00e9quilibre primordial : une pr\u00e9paration mentale et physique servant pleinement son m\u00e9tier de funambule.<\/p>\n<div style=\"width: 848px;\" class=\"wp-video\"><!--[if lt IE 9]><script>document.createElement('video');<\/script><![endif]-->\n<video class=\"wp-video-shortcode\" id=\"video-2-1\" width=\"848\" height=\"477\" poster=\"https:\/\/nathanpaulin.com\/wp-content\/uploads\/2024\/02\/vlcsnap-2024-02-27-11h07m02s001.png\" preload=\"metadata\" controls=\"controls\"><source type=\"video\/mp4\" src=\"https:\/\/nathanpaulin.com\/wp-content\/uploads\/2024\/02\/NATHAN-PAULIN-ST2_1080_1500kbps_H264.mp4?_=1\" \/><a href=\"https:\/\/nathanpaulin.com\/wp-content\/uploads\/2024\/02\/NATHAN-PAULIN-ST2_1080_1500kbps_H264.mp4\">https:\/\/nathanpaulin.com\/wp-content\/uploads\/2024\/02\/NATHAN-PAULIN-ST2_1080_1500kbps_H264.mp4<\/a><\/video><\/div>\n<p><iframe loading=\"lazy\" title=\"Insta360: Think Bold. | WORLD RECORD Highline with Nathan Paulin at Mont-Saint-Michel\" width=\"848\" height=\"477\" src=\"https:\/\/www.youtube.com\/embed\/U5GFQyx2sPs?feature=oembed\" frameborder=\"0\" allow=\"accelerometer; autoplay; clipboard-write; encrypted-media; gyroscope; picture-in-picture; web-share\" allowfullscreen><\/iframe><\/p>\n","protected":false},"excerpt":{"rendered":"<p class=\"excerpt\">Nathan Paulin est highliner, un funambule moderne, n\u00e9 en 1994 et habitant le village du Reposoir en Haute-Savoie. Passionn\u00e9 de montagne depuis son plus jeune \u00e2ge, il d\u00e9bute la slackline en 2011. Trouvant une v\u00e9ritable paix int\u00e9rieure dans cette activit\u00e9 m\u00ealant concentration intense et ma\u00eetrise du corps, sa progression est rapide, \u00e0 tel point qu\u2019il compte parmi les meilleurs mondiaux&hellip; <a href=\"https:\/\/nathanpaulin.com\/fr\/\">Read more &rarr;<\/a><\/p>\n","protected":false},"author":2,"featured_media":0,"parent":0,"menu_order":0,"comment_status":"closed","ping_status":"closed","template":"","meta":{"footnotes":""},"class_list":["post-2","page","type-page","status-publish","hentry","xfolkentry"],"_links":{"self":[{"href":"https:\/\/nathanpaulin.com\/fr\/wp-json\/wp\/v2\/pages\/2","targetHints":{"allow":["GET"]}}],"collection":[{"href":"https:\/\/nathanpaulin.com\/fr\/wp-json\/wp\/v2\/pages"}],"about":[{"href":"https:\/\/nathanpaulin.com\/fr\/wp-json\/wp\/v2\/types\/page"}],"author":[{"embeddable":true,"href":"https:\/\/nathanpaulin.com\/fr\/wp-json\/wp\/v2\/users\/2"}],"replies":[{"embeddable":true,"href":"https:\/\/nathanpaulin.com\/fr\/wp-json\/wp\/v2\/comments?post=2"}],"version-history":[{"count":80,"href":"https:\/\/nathanpaulin.com\/fr\/wp-json\/wp\/v2\/pages\/2\/revisions"}],"predecessor-version":[{"id":1621,"href":"https:\/\/nathanpaulin.com\/fr\/wp-json\/wp\/v2\/pages\/2\/revisions\/1621"}],"wp:attachment":[{"href":"https:\/\/nathanpaulin.com\/fr\/wp-json\/wp\/v2\/media?parent=2"}],"curies":[{"name":"wp","href":"https:\/\/api.w.org\/{rel}","templated":true}]}}