{"id":18,"date":"2014-09-20T19:42:48","date_gmt":"2014-09-20T17:42:48","guid":{"rendered":"http:\/\/nathanpaulin.com\/?page_id=18"},"modified":"2025-01-23T10:32:30","modified_gmt":"2025-01-23T09:32:30","slug":"sponsors","status":"publish","type":"page","link":"https:\/\/nathanpaulin.com\/fr\/sponsors\/","title":{"rendered":"Sponsors"},"content":{"rendered":"<p><a href=\"https:\/\/fr.saint-james.com\" target=\"_blank\" rel=\"noopener\"><img loading=\"lazy\" decoding=\"async\" class=\"aligncenter wp-image-1605\" src=\"https:\/\/nathanpaulin.com\/wp-content\/uploads\/2023\/10\/SAINT_JAMES_ne_de_la_mer-1024x522.png\" alt=\"\" width=\"600\" height=\"306\" srcset=\"https:\/\/nathanpaulin.com\/wp-content\/uploads\/2023\/10\/SAINT_JAMES_ne_de_la_mer-1024x522.png 1024w, https:\/\/nathanpaulin.com\/wp-content\/uploads\/2023\/10\/SAINT_JAMES_ne_de_la_mer-300x153.png 300w, https:\/\/nathanpaulin.com\/wp-content\/uploads\/2023\/10\/SAINT_JAMES_ne_de_la_mer-768x391.png 768w, https:\/\/nathanpaulin.com\/wp-content\/uploads\/2023\/10\/SAINT_JAMES_ne_de_la_mer.png 1091w\" sizes=\"auto, (max-width: 600px) 100vw, 600px\" \/><\/a><\/p>\n<p>Maison normande situ\u00e9e \u00e0 quelques encablures du Mont-Saint-Michel, notre savoir-faire s&rsquo;est transmis de g\u00e9n\u00e9ration en g\u00e9n\u00e9ration au sein de nos Ateliers.<\/p>\n<p><a href=\"https:\/\/www.straumann.com\/anthogyr\/fr\/fr\/home\/qui-nous-sommes\/notre-histoire\/anthogyr-nathan-paulin.html\" target=\"_blank\" rel=\"noopener\"><img loading=\"lazy\" decoding=\"async\" class=\"aligncenter wp-image-1622 size-large\" src=\"https:\/\/nathanpaulin.com\/wp-content\/uploads\/2025\/01\/Anthogyr-LogoBlock_RGB-1-1024x213.png\" alt=\"\" width=\"848\" height=\"176\" srcset=\"https:\/\/nathanpaulin.com\/wp-content\/uploads\/2025\/01\/Anthogyr-LogoBlock_RGB-1-1024x213.png 1024w, https:\/\/nathanpaulin.com\/wp-content\/uploads\/2025\/01\/Anthogyr-LogoBlock_RGB-1-300x62.png 300w, https:\/\/nathanpaulin.com\/wp-content\/uploads\/2025\/01\/Anthogyr-LogoBlock_RGB-1-768x160.png 768w, https:\/\/nathanpaulin.com\/wp-content\/uploads\/2025\/01\/Anthogyr-LogoBlock_RGB-1-1536x319.png 1536w, https:\/\/nathanpaulin.com\/wp-content\/uploads\/2025\/01\/Anthogyr-LogoBlock_RGB-1-2048x426.png 2048w\" sizes=\"auto, (max-width: 848px) 100vw, 848px\" \/><\/a><\/p>\n<p>Anthogyr est l\u2019expert fran\u00e7ais en implantologie dentaire bas\u00e9 dans la vall\u00e9e du Mont-Blanc. Fort de notre capacit\u00e9 d\u2019innovation et de cr\u00e9ativit\u00e9, nous proposons une gamme compl\u00e8te d\u2019implants, d\u2019instruments et de solutions digitales pour aider les professionnels de la sant\u00e9 dentaire.<\/p>\n<p><a href=\"https:\/\/www.mycourant.com\/fr\" target=\"_blank\" rel=\"noopener\"><img loading=\"lazy\" decoding=\"async\" class=\"aligncenter wp-image-1547 size-medium\" src=\"https:\/\/nathanpaulin.com\/wp-content\/uploads\/2022\/02\/10339593_1015845815105941_1287302609059582562_n-300x193.jpg\" alt=\"\" width=\"300\" height=\"193\" srcset=\"https:\/\/nathanpaulin.com\/wp-content\/uploads\/2022\/02\/10339593_1015845815105941_1287302609059582562_n-300x193.jpg 300w, https:\/\/nathanpaulin.com\/wp-content\/uploads\/2022\/02\/10339593_1015845815105941_1287302609059582562_n.jpg 549w\" sizes=\"auto, (max-width: 300px) 100vw, 300px\" \/><\/a><\/p>\n<p>Riche d\u2019un <span class=\"bold\">savoir-faire qui se transmet de g\u00e9n\u00e9ration en g\u00e9n\u00e9ration depuis 1825<\/span>, l\u2019entreprise familiale Courant, fabricant de cordes, s\u2019est d\u00e9velopp\u00e9e et internationalis\u00e9e. Aujourd\u2019hui, elle s\u2019est impos\u00e9e parmi <span class=\"bold\">les fabricants de r\u00e9f\u00e9rence de cordes (corde statique, corde de levage, corde semi-statique \u2026) et accessoires de cordage<\/span>aupr\u00e8s des professionnels qui travaillent en hauteur.<\/p>\n<p><a href=\"https:\/\/slack-inov.com\/fr\/\" target=\"_blank\" rel=\"noopener noreferrer\"><img loading=\"lazy\" decoding=\"async\" class=\"aligncenter\" src=\"https:\/\/nathanpaulin.com\/wp-content\/uploads\/2019\/12\/Logo-Slack-INov-2016-pour-animation-noir-1.png\" alt=\"\" width=\"200\" height=\"147\" \/><\/a>Cr\u00e9\u00e9 par Florent BERTHET en 2012, Slack Inov&rsquo; d\u00e9veloppe du mat\u00e9riel novateur et haut de gamme pour la slackline et la highline. Les marques Slack Inov&rsquo; et Spider Slacklines s&rsquo;associent en 2019 pour ne former qu&rsquo;une seule entreprise.<\/p>\n<p><a href=\"http:\/\/www.haute-savoie-tourisme.org\/commerces\/loisirs\/magasins-de-sports\/161227-missy-sport\" target=\"_blank\" rel=\"noopener noreferrer\"><img loading=\"lazy\" decoding=\"async\" class=\"aligncenter\" src=\"http:\/\/nathanpaulin.com\/wp-content\/uploads\/2014\/09\/logo_missyr-page11.jpg\" alt=\"logo_missyr-page1\" width=\"247\" height=\"100\" \/><\/a>Vente, location et entretien de ski et mat\u00e9riel de sport d&rsquo;hiver au Reposoir (Haute-Savoie). Sp\u00e9cialiste du ski de randonn\u00e9..<\/p>\n<p><a href=\"https:\/\/sport.altitude-eyewear.net\" target=\"_blank\" rel=\"noopener noreferrer\"><img loading=\"lazy\" decoding=\"async\" class=\"aligncenter size-full wp-image-1134\" src=\"https:\/\/nathanpaulin.com\/wp-content\/uploads\/2018\/03\/images.png\" alt=\"\" width=\"225\" height=\"225\" srcset=\"https:\/\/nathanpaulin.com\/wp-content\/uploads\/2018\/03\/images.png 225w, https:\/\/nathanpaulin.com\/wp-content\/uploads\/2018\/03\/images-150x150.png 150w, https:\/\/nathanpaulin.com\/wp-content\/uploads\/2018\/03\/images-100x100.png 100w\" sizes=\"auto, (max-width: 225px) 100vw, 225px\" \/><\/a><span style=\"font-size: inherit;\">Partageant une vision et une envie commune, les fondateurs d\u2019Altitude-Eyewear ont d\u00e9cid\u00e9 d\u2019unir leur exp\u00e9rience de la montagne et du design de lunettes de sport pour cr\u00e9er une marque Fran\u00e7aise et voir les choses autrement.<\/span><\/p>\n<p><a href=\"http:\/\/www.maisons-france-confort.fr\/\" target=\"_blank\" rel=\"noopener noreferrer\"><img loading=\"lazy\" decoding=\"async\" class=\"aligncenter\" src=\"http:\/\/nathanpaulin.com\/wp-content\/uploads\/2018\/12\/4598_f83948f38c815084e3ac5090158f34d6ee9de37c-e1544171566565.jpg\" alt=\"\" width=\"269\" height=\"133\" \/><\/a>Entreprise jeune et dynamique, PLUM s&rsquo;est servi de son savoir-faire dans le d\u00e9colletage et la m\u00e9canique de pr\u00e9cision, pour r\u00e9aliser des produits pour les passionn\u00e9s de glisse.<\/p>\n","protected":false},"excerpt":{"rendered":"<p class=\"excerpt\">Maison normande situ\u00e9e \u00e0 quelques encablures du Mont-Saint-Michel, notre savoir-faire s&rsquo;est transmis de g\u00e9n\u00e9ration en g\u00e9n\u00e9ration au sein de nos Ateliers. Anthogyr est l\u2019expert fran\u00e7ais en implantologie dentaire bas\u00e9 dans la vall\u00e9e du Mont-Blanc. Fort de notre capacit\u00e9 d\u2019innovation et de cr\u00e9ativit\u00e9, nous proposons une gamme compl\u00e8te d\u2019implants, d\u2019instruments et de solutions digitales pour aider les professionnels de la sant\u00e9&hellip; <a href=\"https:\/\/nathanpaulin.com\/fr\/sponsors\/\">Read more &rarr;<\/a><\/p>\n","protected":false},"author":2,"featured_media":0,"parent":0,"menu_order":0,"comment_status":"closed","ping_status":"closed","template":"","meta":{"footnotes":""},"class_list":["post-18","page","type-page","status-publish","hentry","xfolkentry"],"_links":{"self":[{"href":"https:\/\/nathanpaulin.com\/fr\/wp-json\/wp\/v2\/pages\/18","targetHints":{"allow":["GET"]}}],"collection":[{"href":"https:\/\/nathanpaulin.com\/fr\/wp-json\/wp\/v2\/pages"}],"about":[{"href":"https:\/\/nathanpaulin.com\/fr\/wp-json\/wp\/v2\/types\/page"}],"author":[{"embeddable":true,"href":"https:\/\/nathanpaulin.com\/fr\/wp-json\/wp\/v2\/users\/2"}],"replies":[{"embeddable":true,"href":"https:\/\/nathanpaulin.com\/fr\/wp-json\/wp\/v2\/comments?post=18"}],"version-history":[{"count":97,"href":"https:\/\/nathanpaulin.com\/fr\/wp-json\/wp\/v2\/pages\/18\/revisions"}],"predecessor-version":[{"id":1625,"href":"https:\/\/nathanpaulin.com\/fr\/wp-json\/wp\/v2\/pages\/18\/revisions\/1625"}],"wp:attachment":[{"href":"https:\/\/nathanpaulin.com\/fr\/wp-json\/wp\/v2\/media?parent=18"}],"curies":[{"name":"wp","href":"https:\/\/api.w.org\/{rel}","templated":true}]}}